{"id":15,"date":"2022-12-25T10:56:57","date_gmt":"2022-12-25T09:56:57","guid":{"rendered":"https:\/\/www.methode-films.com\/?page_id=15"},"modified":"2023-01-14T16:15:12","modified_gmt":"2023-01-14T15:15:12","slug":"contact","status":"publish","type":"page","link":"https:\/\/www.methode-films.fr\/?page_id=15","title":{"rendered":"Contact"},"content":{"rendered":"\t\t<div data-elementor-type=\"wp-page\" data-elementor-id=\"15\" class=\"elementor elementor-15\">\n\t\t\t\t\t\t<section class=\"elementor-section elementor-top-section elementor-element elementor-element-0951d76 elementor-section-boxed elementor-section-height-default elementor-section-height-default\" data-id=\"0951d76\" data-element_type=\"section\" data-e-type=\"section\">\n\t\t\t\t\t\t<div class=\"elementor-container elementor-column-gap-default\">\n\t\t\t\t\t<div class=\"elementor-column elementor-col-100 elementor-top-column elementor-element elementor-element-93d7563\" data-id=\"93d7563\" data-element_type=\"column\" data-e-type=\"column\">\n\t\t\t<div class=\"elementor-widget-wrap elementor-element-populated\">\n\t\t\t\t\t\t<div class=\"elementor-element elementor-element-2879b0b elementor-widget elementor-widget-formidable\" data-id=\"2879b0b\" data-element_type=\"widget\" data-e-type=\"widget\" data-widget_type=\"formidable.default\">\n\t\t\t\t<div class=\"elementor-widget-container\">\n\t\t\t\t\t<div class=\"frm_forms  with_frm_style frm_style_style-formidable\" id=\"frm_form_3_container\" data-token=\"0d19d9b4fd0557b002125c9c35201dd0\">\n<form enctype=\"multipart\/form-data\" method=\"post\" class=\"frm-show-form \" id=\"form_contact\" data-token=\"0d19d9b4fd0557b002125c9c35201dd0\">\n<div class=\"frm_form_fields \">\n<fieldset>\n<legend class=\"frm_screen_reader\">Contact<\/legend>\r\n\r\n<div class=\"frm_fields_container\">\n<input type=\"hidden\" name=\"frm_action\" value=\"create\" \/>\n<input type=\"hidden\" name=\"form_id\" value=\"3\" \/>\n<input type=\"hidden\" name=\"frm_hide_fields_3\" id=\"frm_hide_fields_3\" value=\"\" \/>\n<input type=\"hidden\" name=\"form_key\" value=\"contact\" \/>\n<input type=\"hidden\" name=\"item_meta[0]\" value=\"\" \/>\n<input type=\"hidden\" id=\"frm_submit_entry_3\" name=\"frm_submit_entry_3\" value=\"a6968eb3b5\" \/><input type=\"hidden\" name=\"_wp_http_referer\" value=\"\/index.php?rest_route=%2Fwp%2Fv2%2Fpages%2F15\" \/><div id=\"frm_field_6_container\" class=\"frm_form_field form-field  frm_required_field frm_top_container\">\r\n    <label for=\"field_sgrt3\" id=\"field_sgrt3_label\" class=\"frm_primary_label\">Pr\u00e9nom\r\n        <span class=\"frm_required\" aria-hidden=\"true\">*<\/span>\r\n    <\/label>\r\n    <input type=\"text\" id=\"field_sgrt3\" name=\"item_meta[6]\" value=\"\"  data-reqmsg=\"Pr\u00e9nom cannot be blank.\" aria-required=\"true\" data-invmsg=\"texte est non valide\" aria-invalid=\"false\"  \/>\r\n    \r\n    \r\n<\/div>\n<div id=\"frm_field_7_container\" class=\"frm_form_field form-field  frm_required_field frm_top_container\">\r\n    <label for=\"field_xy9nv\" id=\"field_xy9nv_label\" class=\"frm_primary_label\">Email\r\n        <span class=\"frm_required\" aria-hidden=\"true\">*<\/span>\r\n    <\/label>\r\n    <input type=\"email\" id=\"field_xy9nv\" name=\"item_meta[7]\" value=\"\"  data-reqmsg=\"Email cannot be blank.\" aria-required=\"true\" data-invmsg=\"Email est non valide\" aria-invalid=\"false\"  \/>\r\n    \r\n    \r\n<\/div>\n<div id=\"frm_field_8_container\" class=\"frm_form_field form-field  frm_top_container\">\r\n    <label for=\"field_m4ncu\" id=\"field_m4ncu_label\" class=\"frm_primary_label\">Sujet du message\r\n        <span class=\"frm_required\" aria-hidden=\"true\"><\/span>\r\n    <\/label>\r\n    <input type=\"text\" id=\"field_m4ncu\" name=\"item_meta[8]\" value=\"\"  data-invmsg=\"texte est non valide\" aria-invalid=\"false\"  \/>\r\n    \r\n    \r\n<\/div>\n<div id=\"frm_field_9_container\" class=\"frm_form_field form-field  frm_top_container\">\r\n    <label for=\"field_sqfyj\" id=\"field_sqfyj_label\" class=\"frm_primary_label\">Paragraphe\r\n        <span class=\"frm_required\" aria-hidden=\"true\"><\/span>\r\n    <\/label>\r\n    <textarea name=\"item_meta[9]\" id=\"field_sqfyj\" rows=\"5\"  data-invmsg=\"Paragraphe is invalid\" aria-invalid=\"false\"  ><\/textarea>\r\n    \r\n    \r\n<\/div>\n<div id=\"frm_field_10_container\" class=\"frm_form_field form-field \">\n\t<div class=\"frm_submit\">\r\n\r\n<button class=\"frm_button_submit\" type=\"submit\"  >Envoyer<\/button>\r\n\r\n\r\n<\/div>\n<\/div>\n\t<input type=\"hidden\" name=\"item_key\" value=\"\" \/>\n\t\t\t<div id=\"frm_field_11_container\">\n\t\t\t<label for=\"field_mqzz8\" >\n\t\t\t\tIf you are human, leave this field blank.\t\t\t<\/label>\n\t\t\t<input  id=\"field_mqzz8\" type=\"text\" class=\"frm_form_field form-field frm_verify\" name=\"item_meta[11]\" value=\"\"  \/>\n\t\t<\/div>\n\t\t<input name=\"frm_state\" type=\"hidden\" value=\"+NQxKYci11R+mHcL\/6AbnDkQDzFDhaTgnxgFB26Fiqs=\" \/><\/div>\n<\/fieldset>\n<\/div>\n\n<p style=\"display: none !important;\" class=\"akismet-fields-container\" data-prefix=\"ak_\"><label>&#916;<textarea name=\"ak_hp_textarea\" cols=\"45\" rows=\"8\" maxlength=\"100\"><\/textarea><\/label><input type=\"hidden\" id=\"ak_js_1\" name=\"ak_js\" value=\"220\"\/><script>document.getElementById( \"ak_js_1\" ).setAttribute( \"value\", ( new Date() ).getTime() );<\/script><\/p><\/form>\n<\/div>\n\t\t\t\t<\/div>\n\t\t\t\t<\/div>\n\t\t\t\t\t<\/div>\n\t\t<\/div>\n\t\t\t\t\t<\/div>\n\t\t<\/section>\n\t\t\t\t<\/div>\n\t\t","protected":false},"excerpt":{"rendered":"<p>Contact Pr\u00e9nom Email Sujet du message Paragraphe Si vous \u00eates un humain, ne remplissez pas ce champ. Envoyer &#916;<\/p>\n","protected":false},"author":2,"featured_media":0,"parent":0,"menu_order":0,"comment_status":"closed","ping_status":"closed","template":"","meta":{"_tbt_post_transparent":"","_tbt_post_title":"hide","_tbt_post_layout":"fullwidth","_tbt_post_sidebar_id":"","_tbt_post_content_style":"unboxed","_tbt_post_vertical_padding":"hide","_tbt_post_feature":"hide","_tbt_post_feature_position":"","_tbt_post_header":false,"_tbt_post_footer":false},"class_list":["post-15","page","type-page","status-publish","hentry"],"yoast_head":"<!-- This site is optimized with the Yoast SEO plugin v27.4 - https:\/\/yoast.com\/product\/yoast-seo-wordpress\/ -->\n<title>Contact - m\u00e9thode-films<\/title>\n<meta name=\"robots\" content=\"index, follow, max-snippet:-1, max-image-preview:large, max-video-preview:-1\" \/>\n<link rel=\"canonical\" href=\"https:\/\/www.methode-films.fr\/?page_id=15\" \/>\n<meta property=\"og:locale\" content=\"en_US\" \/>\n<meta property=\"og:type\" content=\"article\" \/>\n<meta property=\"og:title\" content=\"Contact - m\u00e9thode-films\" \/>\n<meta property=\"og:description\" content=\"Contact Pr\u00e9nom Email Sujet du message Paragraphe Si vous \u00eates un humain, ne remplissez pas ce champ. Envoyer &#916;\" \/>\n<meta property=\"og:url\" content=\"https:\/\/www.methode-films.fr\/?page_id=15\" \/>\n<meta property=\"og:site_name\" content=\"m\u00e9thode-films\" \/>\n<meta property=\"article:modified_time\" content=\"2023-01-14T15:15:12+00:00\" \/>\n<meta name=\"twitter:card\" content=\"summary_large_image\" \/>\n<meta name=\"twitter:label1\" content=\"Est. reading time\" \/>\n\t<meta name=\"twitter:data1\" content=\"1 minute\" \/>\n<script type=\"application\/ld+json\" class=\"yoast-schema-graph\">{\"@context\":\"https:\\\/\\\/schema.org\",\"@graph\":[{\"@type\":\"WebPage\",\"@id\":\"https:\\\/\\\/www.methode-films.fr\\\/?page_id=15\",\"url\":\"https:\\\/\\\/www.methode-films.fr\\\/?page_id=15\",\"name\":\"Contact - m\u00e9thode-films\",\"isPartOf\":{\"@id\":\"https:\\\/\\\/www.methode-films.fr\\\/#website\"},\"datePublished\":\"2022-12-25T09:56:57+00:00\",\"dateModified\":\"2023-01-14T15:15:12+00:00\",\"breadcrumb\":{\"@id\":\"https:\\\/\\\/www.methode-films.fr\\\/?page_id=15#breadcrumb\"},\"inLanguage\":\"en-US\",\"potentialAction\":[{\"@type\":\"ReadAction\",\"target\":[\"https:\\\/\\\/www.methode-films.fr\\\/?page_id=15\"]}]},{\"@type\":\"BreadcrumbList\",\"@id\":\"https:\\\/\\\/www.methode-films.fr\\\/?page_id=15#breadcrumb\",\"itemListElement\":[{\"@type\":\"ListItem\",\"position\":1,\"name\":\"Accueil\",\"item\":\"https:\\\/\\\/www.methode-films.fr\\\/\"},{\"@type\":\"ListItem\",\"position\":2,\"name\":\"Contact\"}]},{\"@type\":\"WebSite\",\"@id\":\"https:\\\/\\\/www.methode-films.fr\\\/#website\",\"url\":\"https:\\\/\\\/www.methode-films.fr\\\/\",\"name\":\"M\u00e9thode-film\",\"description\":\"Leur m\u00e9thode ? C&#039;est d&#039;\u00eatre des pros.\",\"publisher\":{\"@id\":\"https:\\\/\\\/www.methode-films.fr\\\/#organization\"},\"potentialAction\":[{\"@type\":\"SearchAction\",\"target\":{\"@type\":\"EntryPoint\",\"urlTemplate\":\"https:\\\/\\\/www.methode-films.fr\\\/?s={search_term_string}\"},\"query-input\":{\"@type\":\"PropertyValueSpecification\",\"valueRequired\":true,\"valueName\":\"search_term_string\"}}],\"inLanguage\":\"en-US\"},{\"@type\":\"Organization\",\"@id\":\"https:\\\/\\\/www.methode-films.fr\\\/#organization\",\"name\":\"M\u00e9thode-film\",\"url\":\"https:\\\/\\\/www.methode-films.fr\\\/\",\"logo\":{\"@type\":\"ImageObject\",\"inLanguage\":\"en-US\",\"@id\":\"https:\\\/\\\/www.methode-films.fr\\\/#\\\/schema\\\/logo\\\/image\\\/\",\"url\":\"https:\\\/\\\/www.methode-films.fr\\\/wp-content\\\/uploads\\\/2022\\\/12\\\/Logo-8.png\",\"contentUrl\":\"https:\\\/\\\/www.methode-films.fr\\\/wp-content\\\/uploads\\\/2022\\\/12\\\/Logo-8.png\",\"width\":500,\"height\":500,\"caption\":\"M\u00e9thode-film\"},\"image\":{\"@id\":\"https:\\\/\\\/www.methode-films.fr\\\/#\\\/schema\\\/logo\\\/image\\\/\"}}]}<\/script>\n<!-- \/ Yoast SEO plugin. -->","yoast_head_json":{"title":"Contact - m\u00e9thode-films","robots":{"index":"index","follow":"follow","max-snippet":"max-snippet:-1","max-image-preview":"max-image-preview:large","max-video-preview":"max-video-preview:-1"},"canonical":"https:\/\/www.methode-films.fr\/?page_id=15","og_locale":"en_US","og_type":"article","og_title":"Contact - m\u00e9thode-films","og_description":"Contact Pr\u00e9nom Email Sujet du message Paragraphe Si vous \u00eates un humain, ne remplissez pas ce champ. Envoyer &#916;","og_url":"https:\/\/www.methode-films.fr\/?page_id=15","og_site_name":"m\u00e9thode-films","article_modified_time":"2023-01-14T15:15:12+00:00","twitter_card":"summary_large_image","twitter_misc":{"Est. reading time":"1 minute"},"schema":{"@context":"https:\/\/schema.org","@graph":[{"@type":"WebPage","@id":"https:\/\/www.methode-films.fr\/?page_id=15","url":"https:\/\/www.methode-films.fr\/?page_id=15","name":"Contact - m\u00e9thode-films","isPartOf":{"@id":"https:\/\/www.methode-films.fr\/#website"},"datePublished":"2022-12-25T09:56:57+00:00","dateModified":"2023-01-14T15:15:12+00:00","breadcrumb":{"@id":"https:\/\/www.methode-films.fr\/?page_id=15#breadcrumb"},"inLanguage":"en-US","potentialAction":[{"@type":"ReadAction","target":["https:\/\/www.methode-films.fr\/?page_id=15"]}]},{"@type":"BreadcrumbList","@id":"https:\/\/www.methode-films.fr\/?page_id=15#breadcrumb","itemListElement":[{"@type":"ListItem","position":1,"name":"Accueil","item":"https:\/\/www.methode-films.fr\/"},{"@type":"ListItem","position":2,"name":"Contact"}]},{"@type":"WebSite","@id":"https:\/\/www.methode-films.fr\/#website","url":"https:\/\/www.methode-films.fr\/","name":"M\u00e9thode-film","description":"Leur m\u00e9thode ? C&#039;est d&#039;\u00eatre des pros.","publisher":{"@id":"https:\/\/www.methode-films.fr\/#organization"},"potentialAction":[{"@type":"SearchAction","target":{"@type":"EntryPoint","urlTemplate":"https:\/\/www.methode-films.fr\/?s={search_term_string}"},"query-input":{"@type":"PropertyValueSpecification","valueRequired":true,"valueName":"search_term_string"}}],"inLanguage":"en-US"},{"@type":"Organization","@id":"https:\/\/www.methode-films.fr\/#organization","name":"M\u00e9thode-film","url":"https:\/\/www.methode-films.fr\/","logo":{"@type":"ImageObject","inLanguage":"en-US","@id":"https:\/\/www.methode-films.fr\/#\/schema\/logo\/image\/","url":"https:\/\/www.methode-films.fr\/wp-content\/uploads\/2022\/12\/Logo-8.png","contentUrl":"https:\/\/www.methode-films.fr\/wp-content\/uploads\/2022\/12\/Logo-8.png","width":500,"height":500,"caption":"M\u00e9thode-film"},"image":{"@id":"https:\/\/www.methode-films.fr\/#\/schema\/logo\/image\/"}}]}},"_links":{"self":[{"href":"https:\/\/www.methode-films.fr\/index.php?rest_route=\/wp\/v2\/pages\/15","targetHints":{"allow":["GET"]}}],"collection":[{"href":"https:\/\/www.methode-films.fr\/index.php?rest_route=\/wp\/v2\/pages"}],"about":[{"href":"https:\/\/www.methode-films.fr\/index.php?rest_route=\/wp\/v2\/types\/page"}],"author":[{"embeddable":true,"href":"https:\/\/www.methode-films.fr\/index.php?rest_route=\/wp\/v2\/users\/2"}],"replies":[{"embeddable":true,"href":"https:\/\/www.methode-films.fr\/index.php?rest_route=%2Fwp%2Fv2%2Fcomments&post=15"}],"version-history":[{"count":4,"href":"https:\/\/www.methode-films.fr\/index.php?rest_route=\/wp\/v2\/pages\/15\/revisions"}],"predecessor-version":[{"id":159,"href":"https:\/\/www.methode-films.fr\/index.php?rest_route=\/wp\/v2\/pages\/15\/revisions\/159"}],"wp:attachment":[{"href":"https:\/\/www.methode-films.fr\/index.php?rest_route=%2Fwp%2Fv2%2Fmedia&parent=15"}],"curies":[{"name":"wp","href":"https:\/\/api.w.org\/{rel}","templated":true}]}}