{"id":13,"date":"2022-12-25T10:56:13","date_gmt":"2022-12-25T09:56:13","guid":{"rendered":"https:\/\/www.methode-films.com\/?page_id=13"},"modified":"2023-01-06T20:11:41","modified_gmt":"2023-01-06T19:11:41","slug":"membres","status":"publish","type":"page","link":"https:\/\/www.methode-films.fr\/?page_id=13","title":{"rendered":"Membres"},"content":{"rendered":"\n<div class=\"wp-block-group\"><div class=\"wp-block-group__inner-container is-layout-constrained wp-block-group-is-layout-constrained\">\n<div class=\"wp-block-columns is-layout-flex wp-container-core-columns-is-layout-9d6595d7 wp-block-columns-is-layout-flex\">\n<div class=\"wp-block-column is-layout-flow wp-block-column-is-layout-flow\" style=\"flex-basis:100%\">\n<figure class=\"wp-block-gallery has-nested-images columns-default is-cropped wp-block-gallery-1 is-layout-flex wp-block-gallery-is-layout-flex\">\n<figure class=\"wp-block-image size-large\"><a href=\"https:\/\/www.methode-films.fr\/?p=28\"><img fetchpriority=\"high\" decoding=\"async\" width=\"1416\" height=\"1416\" data-id=\"70\" src=\"https:\/\/nyeumhv.cluster100.hosting.ovh.net\/wp-content\/uploads\/2022\/12\/06122022-IMG_4817-min-edited.jpg\" alt=\"\" class=\"wp-image-70\" srcset=\"https:\/\/www.methode-films.fr\/wp-content\/uploads\/2022\/12\/06122022-IMG_4817-min-edited.jpg 1416w, https:\/\/www.methode-films.fr\/wp-content\/uploads\/2022\/12\/06122022-IMG_4817-min-edited-300x300.jpg 300w, https:\/\/www.methode-films.fr\/wp-content\/uploads\/2022\/12\/06122022-IMG_4817-min-edited-100x100.jpg 100w, https:\/\/www.methode-films.fr\/wp-content\/uploads\/2022\/12\/06122022-IMG_4817-min-edited-600x600.jpg 600w, https:\/\/www.methode-films.fr\/wp-content\/uploads\/2022\/12\/06122022-IMG_4817-min-edited-150x150.jpg 150w, https:\/\/www.methode-films.fr\/wp-content\/uploads\/2022\/12\/06122022-IMG_4817-min-edited-768x768.jpg 768w, https:\/\/www.methode-films.fr\/wp-content\/uploads\/2022\/12\/06122022-IMG_4817-min-edited-510x510.jpg 510w\" sizes=\"(max-width: 1416px) 100vw, 1416px\" \/><\/a><figcaption class=\"wp-element-caption\">Romain Lep\u00e8re<\/figcaption><\/figure>\n\n\n\n<figure class=\"wp-block-image size-large\"><a href=\"https:\/\/www.methode-films.fr\/?p=36\"><img decoding=\"async\" width=\"2080\" height=\"3120\" data-id=\"69\" src=\"https:\/\/nyeumhv.cluster100.hosting.ovh.net\/wp-content\/uploads\/2022\/12\/06122022-IMG_4844-min-2080x3120.jpg\" alt=\"\" class=\"wp-image-69\" srcset=\"https:\/\/www.methode-films.fr\/wp-content\/uploads\/2022\/12\/06122022-IMG_4844-min-2080x3120.jpg 2080w, https:\/\/www.methode-films.fr\/wp-content\/uploads\/2022\/12\/06122022-IMG_4844-min-scaled-600x900.jpg 600w, https:\/\/www.methode-films.fr\/wp-content\/uploads\/2022\/12\/06122022-IMG_4844-min-200x300.jpg 200w, https:\/\/www.methode-films.fr\/wp-content\/uploads\/2022\/12\/06122022-IMG_4844-min-768x1152.jpg 768w, https:\/\/www.methode-films.fr\/wp-content\/uploads\/2022\/12\/06122022-IMG_4844-min-1024x1536.jpg 1024w, https:\/\/www.methode-films.fr\/wp-content\/uploads\/2022\/12\/06122022-IMG_4844-min-1365x2048.jpg 1365w, https:\/\/www.methode-films.fr\/wp-content\/uploads\/2022\/12\/06122022-IMG_4844-min-scaled.jpg 1707w\" sizes=\"(max-width: 2080px) 100vw, 2080px\" \/><\/a><figcaption class=\"wp-element-caption\">Tristan Palade<\/figcaption><\/figure>\n\n\n\n<figure class=\"wp-block-image size-large\"><a href=\"https:\/\/www.methode-films.fr\/?p=38\"><img decoding=\"async\" width=\"2080\" height=\"3120\" data-id=\"68\" src=\"https:\/\/nyeumhv.cluster100.hosting.ovh.net\/wp-content\/uploads\/2022\/12\/06122022-IMG_4833-min-2080x3120.jpg\" alt=\"\" class=\"wp-image-68\" srcset=\"https:\/\/www.methode-films.fr\/wp-content\/uploads\/2022\/12\/06122022-IMG_4833-min-2080x3120.jpg 2080w, https:\/\/www.methode-films.fr\/wp-content\/uploads\/2022\/12\/06122022-IMG_4833-min-scaled-600x900.jpg 600w, https:\/\/www.methode-films.fr\/wp-content\/uploads\/2022\/12\/06122022-IMG_4833-min-200x300.jpg 200w, https:\/\/www.methode-films.fr\/wp-content\/uploads\/2022\/12\/06122022-IMG_4833-min-768x1152.jpg 768w, https:\/\/www.methode-films.fr\/wp-content\/uploads\/2022\/12\/06122022-IMG_4833-min-1024x1536.jpg 1024w, https:\/\/www.methode-films.fr\/wp-content\/uploads\/2022\/12\/06122022-IMG_4833-min-1365x2048.jpg 1365w, https:\/\/www.methode-films.fr\/wp-content\/uploads\/2022\/12\/06122022-IMG_4833-min-scaled.jpg 1707w\" sizes=\"(max-width: 2080px) 100vw, 2080px\" \/><\/a><figcaption class=\"wp-element-caption\">Quentin Lasnier<\/figcaption><\/figure>\n<\/figure>\n<\/div>\n<\/div>\n<\/div><\/div>\n\n\n\n<blockquote class=\"wp-block-quote is-layout-flow wp-block-quote-is-layout-flow\">\n<p>&#8220;Ce sont des professionnels. Des professionnels qui ne reculent devant rien ! [&#8230;] A la premi\u00e8re fausse note, ils balancent la pur\u00e9e, ces cons !&#8221;<br><em>&#8220;The MO, is that they&#8217;re good ! [&#8230;] At the drop of a hat, these guys will just rock and roll.&#8221;<\/em><\/p>\n<cite>Vincent Hanna (<em>Al Pacino),<\/em> Heat (1995), Dir. Michael Mann<\/cite><\/blockquote>\n","protected":false},"excerpt":{"rendered":"<p>&#8220;Ce sont des professionnels. Des professionnels qui ne reculent devant rien ! [&#8230;] A la premi\u00e8re fausse note, ils balancent la pur\u00e9e, ces cons !&#8221;&#8220;The MO, is that they&#8217;re good ! [&#8230;] At the drop of a hat, these guys will just rock and roll.&#8221; Vincent Hanna (Al Pacino), Heat (1995), Dir. Michael Mann<\/p>\n","protected":false},"author":2,"featured_media":0,"parent":0,"menu_order":0,"comment_status":"closed","ping_status":"closed","template":"","meta":{"_tbt_post_transparent":"","_tbt_post_title":"","_tbt_post_layout":"","_tbt_post_sidebar_id":"","_tbt_post_content_style":"","_tbt_post_vertical_padding":"","_tbt_post_feature":"","_tbt_post_feature_position":"","_tbt_post_header":false,"_tbt_post_footer":false},"class_list":["post-13","page","type-page","status-publish","hentry"],"yoast_head":"<!-- This site is optimized with the Yoast SEO plugin v27.4 - https:\/\/yoast.com\/product\/yoast-seo-wordpress\/ -->\n<title>Membres - m\u00e9thode-films<\/title>\n<meta name=\"robots\" content=\"index, follow, max-snippet:-1, max-image-preview:large, max-video-preview:-1\" \/>\n<link rel=\"canonical\" href=\"https:\/\/www.methode-films.fr\/?page_id=13\" \/>\n<meta property=\"og:locale\" content=\"en_US\" \/>\n<meta property=\"og:type\" content=\"article\" \/>\n<meta property=\"og:title\" content=\"Membres - m\u00e9thode-films\" \/>\n<meta property=\"og:description\" content=\"&#8220;Ce sont des professionnels. Des professionnels qui ne reculent devant rien ! [&#8230;] A la premi\u00e8re fausse note, ils balancent la pur\u00e9e, ces cons !&#8221;&#8220;The MO, is that they&#8217;re good ! [&#8230;] At the drop of a hat, these guys will just rock and roll.&#8221; Vincent Hanna (Al Pacino), Heat (1995), Dir. Michael Mann\" \/>\n<meta property=\"og:url\" content=\"https:\/\/www.methode-films.fr\/?page_id=13\" \/>\n<meta property=\"og:site_name\" content=\"m\u00e9thode-films\" \/>\n<meta property=\"article:modified_time\" content=\"2023-01-06T19:11:41+00:00\" \/>\n<meta property=\"og:image\" content=\"https:\/\/nyeumhv.cluster100.hosting.ovh.net\/wp-content\/uploads\/2022\/12\/06122022-IMG_4817-min-edited.jpg\" \/>\n<meta name=\"twitter:card\" content=\"summary_large_image\" \/>\n<meta name=\"twitter:label1\" content=\"Est. reading time\" \/>\n\t<meta name=\"twitter:data1\" content=\"1 minute\" \/>\n<script type=\"application\/ld+json\" class=\"yoast-schema-graph\">{\"@context\":\"https:\\\/\\\/schema.org\",\"@graph\":[{\"@type\":\"WebPage\",\"@id\":\"https:\\\/\\\/www.methode-films.fr\\\/?page_id=13\",\"url\":\"https:\\\/\\\/www.methode-films.fr\\\/?page_id=13\",\"name\":\"Membres - m\u00e9thode-films\",\"isPartOf\":{\"@id\":\"https:\\\/\\\/www.methode-films.fr\\\/#website\"},\"primaryImageOfPage\":{\"@id\":\"https:\\\/\\\/www.methode-films.fr\\\/?page_id=13#primaryimage\"},\"image\":{\"@id\":\"https:\\\/\\\/www.methode-films.fr\\\/?page_id=13#primaryimage\"},\"thumbnailUrl\":\"https:\\\/\\\/nyeumhv.cluster100.hosting.ovh.net\\\/wp-content\\\/uploads\\\/2022\\\/12\\\/06122022-IMG_4817-min-edited.jpg\",\"datePublished\":\"2022-12-25T09:56:13+00:00\",\"dateModified\":\"2023-01-06T19:11:41+00:00\",\"breadcrumb\":{\"@id\":\"https:\\\/\\\/www.methode-films.fr\\\/?page_id=13#breadcrumb\"},\"inLanguage\":\"en-US\",\"potentialAction\":[{\"@type\":\"ReadAction\",\"target\":[\"https:\\\/\\\/www.methode-films.fr\\\/?page_id=13\"]}]},{\"@type\":\"ImageObject\",\"inLanguage\":\"en-US\",\"@id\":\"https:\\\/\\\/www.methode-films.fr\\\/?page_id=13#primaryimage\",\"url\":\"https:\\\/\\\/nyeumhv.cluster100.hosting.ovh.net\\\/wp-content\\\/uploads\\\/2022\\\/12\\\/06122022-IMG_4817-min-edited.jpg\",\"contentUrl\":\"https:\\\/\\\/nyeumhv.cluster100.hosting.ovh.net\\\/wp-content\\\/uploads\\\/2022\\\/12\\\/06122022-IMG_4817-min-edited.jpg\"},{\"@type\":\"BreadcrumbList\",\"@id\":\"https:\\\/\\\/www.methode-films.fr\\\/?page_id=13#breadcrumb\",\"itemListElement\":[{\"@type\":\"ListItem\",\"position\":1,\"name\":\"Accueil\",\"item\":\"https:\\\/\\\/www.methode-films.fr\\\/\"},{\"@type\":\"ListItem\",\"position\":2,\"name\":\"Membres\"}]},{\"@type\":\"WebSite\",\"@id\":\"https:\\\/\\\/www.methode-films.fr\\\/#website\",\"url\":\"https:\\\/\\\/www.methode-films.fr\\\/\",\"name\":\"M\u00e9thode-film\",\"description\":\"Leur m\u00e9thode ? C&#039;est d&#039;\u00eatre des pros.\",\"publisher\":{\"@id\":\"https:\\\/\\\/www.methode-films.fr\\\/#organization\"},\"potentialAction\":[{\"@type\":\"SearchAction\",\"target\":{\"@type\":\"EntryPoint\",\"urlTemplate\":\"https:\\\/\\\/www.methode-films.fr\\\/?s={search_term_string}\"},\"query-input\":{\"@type\":\"PropertyValueSpecification\",\"valueRequired\":true,\"valueName\":\"search_term_string\"}}],\"inLanguage\":\"en-US\"},{\"@type\":\"Organization\",\"@id\":\"https:\\\/\\\/www.methode-films.fr\\\/#organization\",\"name\":\"M\u00e9thode-film\",\"url\":\"https:\\\/\\\/www.methode-films.fr\\\/\",\"logo\":{\"@type\":\"ImageObject\",\"inLanguage\":\"en-US\",\"@id\":\"https:\\\/\\\/www.methode-films.fr\\\/#\\\/schema\\\/logo\\\/image\\\/\",\"url\":\"https:\\\/\\\/www.methode-films.fr\\\/wp-content\\\/uploads\\\/2022\\\/12\\\/Logo-8.png\",\"contentUrl\":\"https:\\\/\\\/www.methode-films.fr\\\/wp-content\\\/uploads\\\/2022\\\/12\\\/Logo-8.png\",\"width\":500,\"height\":500,\"caption\":\"M\u00e9thode-film\"},\"image\":{\"@id\":\"https:\\\/\\\/www.methode-films.fr\\\/#\\\/schema\\\/logo\\\/image\\\/\"}}]}<\/script>\n<!-- \/ Yoast SEO plugin. -->","yoast_head_json":{"title":"Membres - m\u00e9thode-films","robots":{"index":"index","follow":"follow","max-snippet":"max-snippet:-1","max-image-preview":"max-image-preview:large","max-video-preview":"max-video-preview:-1"},"canonical":"https:\/\/www.methode-films.fr\/?page_id=13","og_locale":"en_US","og_type":"article","og_title":"Membres - m\u00e9thode-films","og_description":"&#8220;Ce sont des professionnels. Des professionnels qui ne reculent devant rien ! [&#8230;] A la premi\u00e8re fausse note, ils balancent la pur\u00e9e, ces cons !&#8221;&#8220;The MO, is that they&#8217;re good ! [&#8230;] At the drop of a hat, these guys will just rock and roll.&#8221; Vincent Hanna (Al Pacino), Heat (1995), Dir. Michael Mann","og_url":"https:\/\/www.methode-films.fr\/?page_id=13","og_site_name":"m\u00e9thode-films","article_modified_time":"2023-01-06T19:11:41+00:00","og_image":[{"url":"https:\/\/nyeumhv.cluster100.hosting.ovh.net\/wp-content\/uploads\/2022\/12\/06122022-IMG_4817-min-edited.jpg","type":"","width":"","height":""}],"twitter_card":"summary_large_image","twitter_misc":{"Est. reading time":"1 minute"},"schema":{"@context":"https:\/\/schema.org","@graph":[{"@type":"WebPage","@id":"https:\/\/www.methode-films.fr\/?page_id=13","url":"https:\/\/www.methode-films.fr\/?page_id=13","name":"Membres - m\u00e9thode-films","isPartOf":{"@id":"https:\/\/www.methode-films.fr\/#website"},"primaryImageOfPage":{"@id":"https:\/\/www.methode-films.fr\/?page_id=13#primaryimage"},"image":{"@id":"https:\/\/www.methode-films.fr\/?page_id=13#primaryimage"},"thumbnailUrl":"https:\/\/nyeumhv.cluster100.hosting.ovh.net\/wp-content\/uploads\/2022\/12\/06122022-IMG_4817-min-edited.jpg","datePublished":"2022-12-25T09:56:13+00:00","dateModified":"2023-01-06T19:11:41+00:00","breadcrumb":{"@id":"https:\/\/www.methode-films.fr\/?page_id=13#breadcrumb"},"inLanguage":"en-US","potentialAction":[{"@type":"ReadAction","target":["https:\/\/www.methode-films.fr\/?page_id=13"]}]},{"@type":"ImageObject","inLanguage":"en-US","@id":"https:\/\/www.methode-films.fr\/?page_id=13#primaryimage","url":"https:\/\/nyeumhv.cluster100.hosting.ovh.net\/wp-content\/uploads\/2022\/12\/06122022-IMG_4817-min-edited.jpg","contentUrl":"https:\/\/nyeumhv.cluster100.hosting.ovh.net\/wp-content\/uploads\/2022\/12\/06122022-IMG_4817-min-edited.jpg"},{"@type":"BreadcrumbList","@id":"https:\/\/www.methode-films.fr\/?page_id=13#breadcrumb","itemListElement":[{"@type":"ListItem","position":1,"name":"Accueil","item":"https:\/\/www.methode-films.fr\/"},{"@type":"ListItem","position":2,"name":"Membres"}]},{"@type":"WebSite","@id":"https:\/\/www.methode-films.fr\/#website","url":"https:\/\/www.methode-films.fr\/","name":"M\u00e9thode-film","description":"Leur m\u00e9thode ? C&#039;est d&#039;\u00eatre des pros.","publisher":{"@id":"https:\/\/www.methode-films.fr\/#organization"},"potentialAction":[{"@type":"SearchAction","target":{"@type":"EntryPoint","urlTemplate":"https:\/\/www.methode-films.fr\/?s={search_term_string}"},"query-input":{"@type":"PropertyValueSpecification","valueRequired":true,"valueName":"search_term_string"}}],"inLanguage":"en-US"},{"@type":"Organization","@id":"https:\/\/www.methode-films.fr\/#organization","name":"M\u00e9thode-film","url":"https:\/\/www.methode-films.fr\/","logo":{"@type":"ImageObject","inLanguage":"en-US","@id":"https:\/\/www.methode-films.fr\/#\/schema\/logo\/image\/","url":"https:\/\/www.methode-films.fr\/wp-content\/uploads\/2022\/12\/Logo-8.png","contentUrl":"https:\/\/www.methode-films.fr\/wp-content\/uploads\/2022\/12\/Logo-8.png","width":500,"height":500,"caption":"M\u00e9thode-film"},"image":{"@id":"https:\/\/www.methode-films.fr\/#\/schema\/logo\/image\/"}}]}},"_links":{"self":[{"href":"https:\/\/www.methode-films.fr\/index.php?rest_route=\/wp\/v2\/pages\/13","targetHints":{"allow":["GET"]}}],"collection":[{"href":"https:\/\/www.methode-films.fr\/index.php?rest_route=\/wp\/v2\/pages"}],"about":[{"href":"https:\/\/www.methode-films.fr\/index.php?rest_route=\/wp\/v2\/types\/page"}],"author":[{"embeddable":true,"href":"https:\/\/www.methode-films.fr\/index.php?rest_route=\/wp\/v2\/users\/2"}],"replies":[{"embeddable":true,"href":"https:\/\/www.methode-films.fr\/index.php?rest_route=%2Fwp%2Fv2%2Fcomments&post=13"}],"version-history":[{"count":3,"href":"https:\/\/www.methode-films.fr\/index.php?rest_route=\/wp\/v2\/pages\/13\/revisions"}],"predecessor-version":[{"id":151,"href":"https:\/\/www.methode-films.fr\/index.php?rest_route=\/wp\/v2\/pages\/13\/revisions\/151"}],"wp:attachment":[{"href":"https:\/\/www.methode-films.fr\/index.php?rest_route=%2Fwp%2Fv2%2Fmedia&parent=13"}],"curies":[{"name":"wp","href":"https:\/\/api.w.org\/{rel}","templated":true}]}}