{"id":116,"date":"2023-01-06T14:11:31","date_gmt":"2023-01-06T13:11:31","guid":{"rendered":"https:\/\/www.methode-films.com\/?page_id=116"},"modified":"2023-02-13T19:58:28","modified_gmt":"2023-02-13T18:58:28","slug":"accueil","status":"publish","type":"page","link":"https:\/\/www.methode-films.fr\/","title":{"rendered":"Accueil"},"content":{"rendered":"\n<figure class=\"wp-block-embed is-type-video is-provider-youtube wp-block-embed-youtube wp-embed-aspect-16-9 wp-has-aspect-ratio\"><div class=\"wp-block-embed__wrapper\">\n<iframe title=\"51 - Court-M\u00e9trage\" width=\"720\" height=\"405\" src=\"https:\/\/www.youtube.com\/embed\/S8gDQS2vx0g?feature=oembed\" frameborder=\"0\" allow=\"accelerometer; autoplay; clipboard-write; encrypted-media; gyroscope; picture-in-picture; web-share\" allowfullscreen><\/iframe>\n<\/div><figcaption class=\"wp-element-caption\">Notre derni\u00e8re r\u00e9alisation :<\/figcaption><\/figure>\n\n\n\n<p>Bienvenue chez M\u00e9thode.<br><br>M\u00e9thode Films est une association de production audiovisuelle port\u00e9e par 3 cin\u00e9astes de diff\u00e9rents coins de la France, mais actuellement bas\u00e9s sur Paris. Nous souhaitons participer au d\u00e9veloppement de projets cin\u00e9matographiques en accompagnant des projets amateurs, que ce soit des courts-m\u00e9trages de fiction, des documentaires, qu&#8217;importe. Notre objectif est de pouvoir cr\u00e9er le plus de projets diff\u00e9rents afin de permettre \u00e0 nos collaborateurs de d\u00e9couvrir les m\u00e9tiers du cin\u00e9ma pour la premi\u00e8re fois, ou bien approfondir leurs connaissances.<br><br>Vous pouvez retrouver sur notre site les pr\u00e9sentations des membres actuels ainsi que les derni\u00e8res nouvelles concernant nos projets en cours.<br><br>Nous vous remercions de nous rendre visite, et esp\u00e9rons que vous appr\u00e9cierez notre travail.<\/p>\n\n\n\n<figure class=\"wp-block-image size-full\"><img fetchpriority=\"high\" decoding=\"async\" width=\"1920\" height=\"2560\" src=\"https:\/\/nyeumhv.cluster100.hosting.ovh.net\/wp-content\/uploads\/2022\/12\/06122022-IMG_4856-min-edited-scaled.jpg\" alt=\"\" class=\"wp-image-53\" srcset=\"https:\/\/www.methode-films.fr\/wp-content\/uploads\/2022\/12\/06122022-IMG_4856-min-edited-scaled.jpg 1920w, https:\/\/www.methode-films.fr\/wp-content\/uploads\/2022\/12\/06122022-IMG_4856-min-edited-scaled-600x800.jpg 600w, https:\/\/www.methode-films.fr\/wp-content\/uploads\/2022\/12\/06122022-IMG_4856-min-edited-225x300.jpg 225w, https:\/\/www.methode-films.fr\/wp-content\/uploads\/2022\/12\/06122022-IMG_4856-min-edited-768x1024.jpg 768w, https:\/\/www.methode-films.fr\/wp-content\/uploads\/2022\/12\/06122022-IMG_4856-min-edited-1152x1536.jpg 1152w, https:\/\/www.methode-films.fr\/wp-content\/uploads\/2022\/12\/06122022-IMG_4856-min-edited-1536x2048.jpg 1536w\" sizes=\"(max-width: 1920px) 100vw, 1920px\" \/><figcaption class=\"wp-element-caption\">De droite \u00e0 gauche : Romain Lepere, Quentin Lasnier, Tristan Palade, cr\u00e9ateurs de M\u00e9thode Films<\/figcaption><\/figure>\n","protected":false},"excerpt":{"rendered":"<p>Bienvenue chez M\u00e9thode. M\u00e9thode Films est une association de production audiovisuelle port\u00e9e par 3 cin\u00e9astes de diff\u00e9rents coins de la France, mais actuellement bas\u00e9s sur Paris. Nous souhaitons participer au d\u00e9veloppement de projets cin\u00e9matographiques en accompagnant des projets amateurs, que ce soit des courts-m\u00e9trages de fiction, des documentaires, qu&#8217;importe. Notre objectif est de pouvoir cr\u00e9er&#8230;<\/p>\n","protected":false},"author":2,"featured_media":0,"parent":0,"menu_order":0,"comment_status":"closed","ping_status":"closed","template":"","meta":{"_tbt_post_transparent":"","_tbt_post_title":"","_tbt_post_layout":"","_tbt_post_sidebar_id":"","_tbt_post_content_style":"","_tbt_post_vertical_padding":"","_tbt_post_feature":"","_tbt_post_feature_position":"","_tbt_post_header":false,"_tbt_post_footer":false},"class_list":["post-116","page","type-page","status-publish","hentry"],"yoast_head":"<!-- This site is optimized with the Yoast SEO plugin v27.4 - https:\/\/yoast.com\/product\/yoast-seo-wordpress\/ -->\n<title>Accueil - m\u00e9thode-films<\/title>\n<meta name=\"robots\" content=\"index, follow, max-snippet:-1, max-image-preview:large, max-video-preview:-1\" \/>\n<link rel=\"canonical\" href=\"https:\/\/www.methode-films.fr\/\" \/>\n<meta property=\"og:locale\" content=\"en_US\" \/>\n<meta property=\"og:type\" content=\"article\" \/>\n<meta property=\"og:title\" content=\"Accueil - m\u00e9thode-films\" \/>\n<meta property=\"og:description\" content=\"Bienvenue chez M\u00e9thode. M\u00e9thode Films est une association de production audiovisuelle port\u00e9e par 3 cin\u00e9astes de diff\u00e9rents coins de la France, mais actuellement bas\u00e9s sur Paris. Nous souhaitons participer au d\u00e9veloppement de projets cin\u00e9matographiques en accompagnant des projets amateurs, que ce soit des courts-m\u00e9trages de fiction, des documentaires, qu&#8217;importe. Notre objectif est de pouvoir cr\u00e9er...\" \/>\n<meta property=\"og:url\" content=\"https:\/\/www.methode-films.fr\/\" \/>\n<meta property=\"og:site_name\" content=\"m\u00e9thode-films\" \/>\n<meta property=\"article:modified_time\" content=\"2023-02-13T18:58:28+00:00\" \/>\n<meta property=\"og:image\" content=\"https:\/\/nyeumhv.cluster100.hosting.ovh.net\/wp-content\/uploads\/2022\/12\/06122022-IMG_4856-min-edited-scaled.jpg\" \/>\n<meta name=\"twitter:card\" content=\"summary_large_image\" \/>\n<meta name=\"twitter:label1\" content=\"Est. reading time\" \/>\n\t<meta name=\"twitter:data1\" content=\"1 minute\" \/>\n<script type=\"application\/ld+json\" class=\"yoast-schema-graph\">{\"@context\":\"https:\\\/\\\/schema.org\",\"@graph\":[{\"@type\":\"WebPage\",\"@id\":\"https:\\\/\\\/www.methode-films.fr\\\/\",\"url\":\"https:\\\/\\\/www.methode-films.fr\\\/\",\"name\":\"Accueil - m\u00e9thode-films\",\"isPartOf\":{\"@id\":\"https:\\\/\\\/www.methode-films.fr\\\/#website\"},\"primaryImageOfPage\":{\"@id\":\"https:\\\/\\\/www.methode-films.fr\\\/#primaryimage\"},\"image\":{\"@id\":\"https:\\\/\\\/www.methode-films.fr\\\/#primaryimage\"},\"thumbnailUrl\":\"https:\\\/\\\/nyeumhv.cluster100.hosting.ovh.net\\\/wp-content\\\/uploads\\\/2022\\\/12\\\/06122022-IMG_4856-min-edited-scaled.jpg\",\"datePublished\":\"2023-01-06T13:11:31+00:00\",\"dateModified\":\"2023-02-13T18:58:28+00:00\",\"breadcrumb\":{\"@id\":\"https:\\\/\\\/www.methode-films.fr\\\/#breadcrumb\"},\"inLanguage\":\"en-US\",\"potentialAction\":[{\"@type\":\"ReadAction\",\"target\":[\"https:\\\/\\\/www.methode-films.fr\\\/\"]}]},{\"@type\":\"ImageObject\",\"inLanguage\":\"en-US\",\"@id\":\"https:\\\/\\\/www.methode-films.fr\\\/#primaryimage\",\"url\":\"https:\\\/\\\/nyeumhv.cluster100.hosting.ovh.net\\\/wp-content\\\/uploads\\\/2022\\\/12\\\/06122022-IMG_4856-min-edited-scaled.jpg\",\"contentUrl\":\"https:\\\/\\\/nyeumhv.cluster100.hosting.ovh.net\\\/wp-content\\\/uploads\\\/2022\\\/12\\\/06122022-IMG_4856-min-edited-scaled.jpg\"},{\"@type\":\"BreadcrumbList\",\"@id\":\"https:\\\/\\\/www.methode-films.fr\\\/#breadcrumb\",\"itemListElement\":[{\"@type\":\"ListItem\",\"position\":1,\"name\":\"Accueil\",\"item\":\"https:\\\/\\\/www.methode-films.fr\\\/\"},{\"@type\":\"ListItem\",\"position\":2,\"name\":\"Accueil\"}]},{\"@type\":\"WebSite\",\"@id\":\"https:\\\/\\\/www.methode-films.fr\\\/#website\",\"url\":\"https:\\\/\\\/www.methode-films.fr\\\/\",\"name\":\"M\u00e9thode-film\",\"description\":\"Leur m\u00e9thode ? C&#039;est d&#039;\u00eatre des pros.\",\"publisher\":{\"@id\":\"https:\\\/\\\/www.methode-films.fr\\\/#organization\"},\"potentialAction\":[{\"@type\":\"SearchAction\",\"target\":{\"@type\":\"EntryPoint\",\"urlTemplate\":\"https:\\\/\\\/www.methode-films.fr\\\/?s={search_term_string}\"},\"query-input\":{\"@type\":\"PropertyValueSpecification\",\"valueRequired\":true,\"valueName\":\"search_term_string\"}}],\"inLanguage\":\"en-US\"},{\"@type\":\"Organization\",\"@id\":\"https:\\\/\\\/www.methode-films.fr\\\/#organization\",\"name\":\"M\u00e9thode-film\",\"url\":\"https:\\\/\\\/www.methode-films.fr\\\/\",\"logo\":{\"@type\":\"ImageObject\",\"inLanguage\":\"en-US\",\"@id\":\"https:\\\/\\\/www.methode-films.fr\\\/#\\\/schema\\\/logo\\\/image\\\/\",\"url\":\"https:\\\/\\\/www.methode-films.fr\\\/wp-content\\\/uploads\\\/2022\\\/12\\\/Logo-8.png\",\"contentUrl\":\"https:\\\/\\\/www.methode-films.fr\\\/wp-content\\\/uploads\\\/2022\\\/12\\\/Logo-8.png\",\"width\":500,\"height\":500,\"caption\":\"M\u00e9thode-film\"},\"image\":{\"@id\":\"https:\\\/\\\/www.methode-films.fr\\\/#\\\/schema\\\/logo\\\/image\\\/\"}}]}<\/script>\n<!-- \/ Yoast SEO plugin. -->","yoast_head_json":{"title":"Accueil - m\u00e9thode-films","robots":{"index":"index","follow":"follow","max-snippet":"max-snippet:-1","max-image-preview":"max-image-preview:large","max-video-preview":"max-video-preview:-1"},"canonical":"https:\/\/www.methode-films.fr\/","og_locale":"en_US","og_type":"article","og_title":"Accueil - m\u00e9thode-films","og_description":"Bienvenue chez M\u00e9thode. M\u00e9thode Films est une association de production audiovisuelle port\u00e9e par 3 cin\u00e9astes de diff\u00e9rents coins de la France, mais actuellement bas\u00e9s sur Paris. Nous souhaitons participer au d\u00e9veloppement de projets cin\u00e9matographiques en accompagnant des projets amateurs, que ce soit des courts-m\u00e9trages de fiction, des documentaires, qu&#8217;importe. Notre objectif est de pouvoir cr\u00e9er...","og_url":"https:\/\/www.methode-films.fr\/","og_site_name":"m\u00e9thode-films","article_modified_time":"2023-02-13T18:58:28+00:00","og_image":[{"url":"https:\/\/nyeumhv.cluster100.hosting.ovh.net\/wp-content\/uploads\/2022\/12\/06122022-IMG_4856-min-edited-scaled.jpg","type":"","width":"","height":""}],"twitter_card":"summary_large_image","twitter_misc":{"Est. reading time":"1 minute"},"schema":{"@context":"https:\/\/schema.org","@graph":[{"@type":"WebPage","@id":"https:\/\/www.methode-films.fr\/","url":"https:\/\/www.methode-films.fr\/","name":"Accueil - m\u00e9thode-films","isPartOf":{"@id":"https:\/\/www.methode-films.fr\/#website"},"primaryImageOfPage":{"@id":"https:\/\/www.methode-films.fr\/#primaryimage"},"image":{"@id":"https:\/\/www.methode-films.fr\/#primaryimage"},"thumbnailUrl":"https:\/\/nyeumhv.cluster100.hosting.ovh.net\/wp-content\/uploads\/2022\/12\/06122022-IMG_4856-min-edited-scaled.jpg","datePublished":"2023-01-06T13:11:31+00:00","dateModified":"2023-02-13T18:58:28+00:00","breadcrumb":{"@id":"https:\/\/www.methode-films.fr\/#breadcrumb"},"inLanguage":"en-US","potentialAction":[{"@type":"ReadAction","target":["https:\/\/www.methode-films.fr\/"]}]},{"@type":"ImageObject","inLanguage":"en-US","@id":"https:\/\/www.methode-films.fr\/#primaryimage","url":"https:\/\/nyeumhv.cluster100.hosting.ovh.net\/wp-content\/uploads\/2022\/12\/06122022-IMG_4856-min-edited-scaled.jpg","contentUrl":"https:\/\/nyeumhv.cluster100.hosting.ovh.net\/wp-content\/uploads\/2022\/12\/06122022-IMG_4856-min-edited-scaled.jpg"},{"@type":"BreadcrumbList","@id":"https:\/\/www.methode-films.fr\/#breadcrumb","itemListElement":[{"@type":"ListItem","position":1,"name":"Accueil","item":"https:\/\/www.methode-films.fr\/"},{"@type":"ListItem","position":2,"name":"Accueil"}]},{"@type":"WebSite","@id":"https:\/\/www.methode-films.fr\/#website","url":"https:\/\/www.methode-films.fr\/","name":"M\u00e9thode-film","description":"Leur m\u00e9thode ? C&#039;est d&#039;\u00eatre des pros.","publisher":{"@id":"https:\/\/www.methode-films.fr\/#organization"},"potentialAction":[{"@type":"SearchAction","target":{"@type":"EntryPoint","urlTemplate":"https:\/\/www.methode-films.fr\/?s={search_term_string}"},"query-input":{"@type":"PropertyValueSpecification","valueRequired":true,"valueName":"search_term_string"}}],"inLanguage":"en-US"},{"@type":"Organization","@id":"https:\/\/www.methode-films.fr\/#organization","name":"M\u00e9thode-film","url":"https:\/\/www.methode-films.fr\/","logo":{"@type":"ImageObject","inLanguage":"en-US","@id":"https:\/\/www.methode-films.fr\/#\/schema\/logo\/image\/","url":"https:\/\/www.methode-films.fr\/wp-content\/uploads\/2022\/12\/Logo-8.png","contentUrl":"https:\/\/www.methode-films.fr\/wp-content\/uploads\/2022\/12\/Logo-8.png","width":500,"height":500,"caption":"M\u00e9thode-film"},"image":{"@id":"https:\/\/www.methode-films.fr\/#\/schema\/logo\/image\/"}}]}},"_links":{"self":[{"href":"https:\/\/www.methode-films.fr\/index.php?rest_route=\/wp\/v2\/pages\/116","targetHints":{"allow":["GET"]}}],"collection":[{"href":"https:\/\/www.methode-films.fr\/index.php?rest_route=\/wp\/v2\/pages"}],"about":[{"href":"https:\/\/www.methode-films.fr\/index.php?rest_route=\/wp\/v2\/types\/page"}],"author":[{"embeddable":true,"href":"https:\/\/www.methode-films.fr\/index.php?rest_route=\/wp\/v2\/users\/2"}],"replies":[{"embeddable":true,"href":"https:\/\/www.methode-films.fr\/index.php?rest_route=%2Fwp%2Fv2%2Fcomments&post=116"}],"version-history":[{"count":3,"href":"https:\/\/www.methode-films.fr\/index.php?rest_route=\/wp\/v2\/pages\/116\/revisions"}],"predecessor-version":[{"id":164,"href":"https:\/\/www.methode-films.fr\/index.php?rest_route=\/wp\/v2\/pages\/116\/revisions\/164"}],"wp:attachment":[{"href":"https:\/\/www.methode-films.fr\/index.php?rest_route=%2Fwp%2Fv2%2Fmedia&parent=116"}],"curies":[{"name":"wp","href":"https:\/\/api.w.org\/{rel}","templated":true}]}}